{"id":462,"date":"2025-01-14T11:08:15","date_gmt":"2025-01-14T10:08:15","guid":{"rendered":"https:\/\/www.gralg.se\/?page_id=462"},"modified":"2025-01-14T11:56:52","modified_gmt":"2025-01-14T10:56:52","slug":"integritetspolicy","status":"publish","type":"page","link":"https:\/\/www.gralg.se\/?page_id=462","title":{"rendered":"Integritetspolicy"},"content":{"rendered":"\t\t<div data-elementor-type=\"wp-page\" data-elementor-id=\"462\" class=\"elementor elementor-462\">\n\t\t\t\t<div class=\"elementor-element elementor-element-49a2b45 e-flex e-con-boxed e-con e-parent\" data-id=\"49a2b45\" data-element_type=\"container\">\n\t\t\t\t\t<div class=\"e-con-inner\">\n\t\t<div class=\"elementor-element elementor-element-9df645b e-con-full e-flex e-con e-child\" data-id=\"9df645b\" data-element_type=\"container\">\n\t\t\t\t<div class=\"elementor-element elementor-element-4cfd053 elementor-widget elementor-widget-image\" data-id=\"4cfd053\" data-element_type=\"widget\" data-widget_type=\"image.default\">\n\t\t\t\t<div class=\"elementor-widget-container\">\n\t\t\t<style>\/*! elementor - v3.21.0 - 08-05-2024 *\/\n.elementor-widget-image{text-align:center}.elementor-widget-image a{display:inline-block}.elementor-widget-image a img[src$=\".svg\"]{width:48px}.elementor-widget-image img{vertical-align:middle;display:inline-block}<\/style>\t\t\t\t\t\t\t\t\t\t\t<a href=\"https:\/\/www.gralg.se\/\">\n\t\t\t\t\t\t\t<img fetchpriority=\"high\" decoding=\"async\" width=\"768\" height=\"225\" src=\"https:\/\/www.gralg.se\/wp-content\/uploads\/2025\/01\/Gralg-Logotyp-768x225.png\" class=\"attachment-medium_large size-medium_large wp-image-487\" alt=\"\" srcset=\"https:\/\/www.gralg.se\/wp-content\/uploads\/2025\/01\/Gralg-Logotyp-768x225.png 768w, https:\/\/www.gralg.se\/wp-content\/uploads\/2025\/01\/Gralg-Logotyp-300x88.png 300w, https:\/\/www.gralg.se\/wp-content\/uploads\/2025\/01\/Gralg-Logotyp-1024x300.png 1024w, https:\/\/www.gralg.se\/wp-content\/uploads\/2025\/01\/Gralg-Logotyp.png 1251w\" sizes=\"(max-width: 768px) 100vw, 768px\" \/>\t\t\t\t\t\t\t\t<\/a>\n\t\t\t\t\t\t\t\t\t\t\t\t\t<\/div>\n\t\t\t\t<\/div>\n\t\t\t\t<\/div>\n\t\t\t\t\t<\/div>\n\t\t\t\t<\/div>\n\t\t<div class=\"elementor-element elementor-element-76b163f e-flex e-con-boxed e-con e-parent\" data-id=\"76b163f\" data-element_type=\"container\">\n\t\t\t\t\t<div class=\"e-con-inner\">\n\t\t<div class=\"elementor-element elementor-element-e4e2902 e-con-full e-flex e-con e-child\" data-id=\"e4e2902\" data-element_type=\"container\">\n\t\t\t\t<div class=\"elementor-element elementor-element-7ea833d elementor-widget elementor-widget-image\" data-id=\"7ea833d\" data-element_type=\"widget\" data-widget_type=\"image.default\">\n\t\t\t\t<div class=\"elementor-widget-container\">\n\t\t\t\t\t\t\t\t\t\t\t\t\t<img decoding=\"async\" src=\"https:\/\/www.gralg.se\/wp-content\/uploads\/elementor\/thumbs\/svenska-qqgl18t4fr9dcvkldc0cnuwnd7c8j60t3mgjg9brhc.jpg\" title=\"svenska\" alt=\"svenska\" loading=\"lazy\" \/>\t\t\t\t\t\t\t\t\t\t\t\t\t<\/div>\n\t\t\t\t<\/div>\n\t\t\t\t<div class=\"elementor-element elementor-element-af0c526 elementor-widget elementor-widget-image\" data-id=\"af0c526\" data-element_type=\"widget\" data-widget_type=\"image.default\">\n\t\t\t\t<div class=\"elementor-widget-container\">\n\t\t\t\t\t\t\t\t\t\t\t\t\t\t<a href=\"https:\/\/www.gralg.se\/?page_id=468\">\n\t\t\t\t\t\t\t<img decoding=\"async\" src=\"https:\/\/www.gralg.se\/wp-content\/uploads\/elementor\/thumbs\/English-qqgl18t4fr9dcvkldc0cnuwnd7c8j60t3mgjg9brhc.jpg\" title=\"English\" alt=\"English\" loading=\"lazy\" \/>\t\t\t\t\t\t\t\t<\/a>\n\t\t\t\t\t\t\t\t\t\t\t\t\t<\/div>\n\t\t\t\t<\/div>\n\t\t\t\t<\/div>\n\t\t\t\t\t<\/div>\n\t\t\t\t<\/div>\n\t\t<div class=\"elementor-element elementor-element-bd993d3 e-flex e-con-boxed e-con e-parent\" data-id=\"bd993d3\" data-element_type=\"container\" data-settings=\"{&quot;background_background&quot;:&quot;classic&quot;}\">\n\t\t\t\t\t<div class=\"e-con-inner\">\n\t\t<div class=\"elementor-element elementor-element-9b13bd6 e-con-full e-flex e-con e-child\" data-id=\"9b13bd6\" data-element_type=\"container\" data-settings=\"{&quot;background_background&quot;:&quot;classic&quot;}\">\n\t\t<div class=\"elementor-element elementor-element-d0e308f e-con-full e-flex e-con e-child\" data-id=\"d0e308f\" data-element_type=\"container\">\n\t\t\t\t<div class=\"elementor-element elementor-element-54313fc elementor-widget elementor-widget-heading\" data-id=\"54313fc\" data-element_type=\"widget\" data-widget_type=\"heading.default\">\n\t\t\t\t<div class=\"elementor-widget-container\">\n\t\t\t<style>\/*! elementor - v3.21.0 - 08-05-2024 *\/\n.elementor-heading-title{padding:0;margin:0;line-height:1}.elementor-widget-heading .elementor-heading-title[class*=elementor-size-]>a{color:inherit;font-size:inherit;line-height:inherit}.elementor-widget-heading .elementor-heading-title.elementor-size-small{font-size:15px}.elementor-widget-heading .elementor-heading-title.elementor-size-medium{font-size:19px}.elementor-widget-heading .elementor-heading-title.elementor-size-large{font-size:29px}.elementor-widget-heading .elementor-heading-title.elementor-size-xl{font-size:39px}.elementor-widget-heading .elementor-heading-title.elementor-size-xxl{font-size:59px}<\/style><h2 class=\"elementor-heading-title elementor-size-default\">Integritetspolicy<\/h2>\t\t<\/div>\n\t\t\t\t<\/div>\n\t\t\t\t<div class=\"elementor-element elementor-element-76d311e elementor-widget elementor-widget-text-editor\" data-id=\"76d311e\" data-element_type=\"widget\" data-widget_type=\"text-editor.default\">\n\t\t\t\t<div class=\"elementor-widget-container\">\n\t\t\t<style>\/*! elementor - v3.21.0 - 08-05-2024 *\/\n.elementor-widget-text-editor.elementor-drop-cap-view-stacked .elementor-drop-cap{background-color:#69727d;color:#fff}.elementor-widget-text-editor.elementor-drop-cap-view-framed .elementor-drop-cap{color:#69727d;border:3px solid;background-color:transparent}.elementor-widget-text-editor:not(.elementor-drop-cap-view-default) .elementor-drop-cap{margin-top:8px}.elementor-widget-text-editor:not(.elementor-drop-cap-view-default) .elementor-drop-cap-letter{width:1em;height:1em}.elementor-widget-text-editor .elementor-drop-cap{float:left;text-align:center;line-height:1;font-size:50px}.elementor-widget-text-editor .elementor-drop-cap-letter{display:inline-block}<\/style>\t\t\t\t<p><strong>Senast uppdaterad: 14 januari 2025<\/strong><\/p><p>P\u00e5 Gralg AB v\u00e4rnar vi om din integritet och s\u00e4kerhet. Vi samlar inte in n\u00e5gon personlig information om v\u00e5ra anv\u00e4ndare och anv\u00e4nder inte cookies eller sp\u00e5rningstekniker p\u00e5 v\u00e5r webbplats eller i v\u00e5ra tj\u00e4nster.<\/p><h3>1. <strong>Ingen insamling av personuppgifter<\/strong><\/h3><p>Vi behandlar inte n\u00e5gra personuppgifter, vilket inneb\u00e4r att vi varken samlar in, lagrar eller delar n\u00e5gon information om dig som anv\u00e4ndare. Du kan anv\u00e4nda v\u00e5ra tj\u00e4nster utan att beh\u00f6va ange n\u00e5gra personliga uppgifter.<\/p><h3>2. <strong>Ingen anv\u00e4ndning av cookies<\/strong><\/h3><p>V\u00e5r webbplats anv\u00e4nder inte cookies eller andra sp\u00e5rningstekniker. Detta inneb\u00e4r att vi inte lagrar n\u00e5gon information om dina bes\u00f6k eller ditt beteende p\u00e5 v\u00e5r webbplats.<\/p><h3>3. <strong>\u00c4ndringar av integritetspolicyn<\/strong><\/h3><p>Om vi \u00e4ndrar v\u00e5ra tj\u00e4nster eller rutiner kan denna integritetspolicy komma att uppdateras. Eventuella \u00e4ndringar kommer att publiceras p\u00e5 denna sida, och vi rekommenderar att du regelbundet granskar policyn f\u00f6r att h\u00e5lla dig informerad.<\/p><h3>4. <strong>Kontakt<\/strong><\/h3><p>Om du har n\u00e5gra fr\u00e5gor om denna integritetspolicy \u00e4r du v\u00e4lkommen att kontakta oss:<br \/>E-post: <span style=\"text-decoration: underline;\"><span style=\"color: #000000;\"><a style=\"color: #000000; text-decoration: underline;\" href=\"mailto:info@gralg.se\">info@gralg.se<\/a><\/span><\/span><br \/>Adress: Prebendegatan 26, 418 77 G\u00f6teborg<\/p>\t\t\t\t\t\t<\/div>\n\t\t\t\t<\/div>\n\t\t\t\t<\/div>\n\t\t\t\t<\/div>\n\t\t\t\t\t<\/div>\n\t\t\t\t<\/div>\n\t\t\t\t<\/div>\n\t\t","protected":false},"excerpt":{"rendered":"<p>Integritetspolicy Senast uppdaterad: 14 januari 2025 P\u00e5 Gralg AB v\u00e4rnar vi om din integritet och s\u00e4kerhet. Vi samlar inte in n\u00e5gon personlig information om v\u00e5ra anv\u00e4ndare och anv\u00e4nder inte cookies eller sp\u00e5rningstekniker p\u00e5 v\u00e5r webbplats eller i v\u00e5ra tj\u00e4nster. 1. Ingen insamling av personuppgifter Vi behandlar inte n\u00e5gra personuppgifter, vilket inneb\u00e4r att vi varken samlar [&hellip;]<\/p>\n","protected":false},"author":1,"featured_media":0,"parent":0,"menu_order":0,"comment_status":"closed","ping_status":"closed","template":"","meta":{"footnotes":""},"class_list":["post-462","page","type-page","status-publish","hentry"],"_links":{"self":[{"href":"https:\/\/www.gralg.se\/index.php?rest_route=\/wp\/v2\/pages\/462","targetHints":{"allow":["GET"]}}],"collection":[{"href":"https:\/\/www.gralg.se\/index.php?rest_route=\/wp\/v2\/pages"}],"about":[{"href":"https:\/\/www.gralg.se\/index.php?rest_route=\/wp\/v2\/types\/page"}],"author":[{"embeddable":true,"href":"https:\/\/www.gralg.se\/index.php?rest_route=\/wp\/v2\/users\/1"}],"replies":[{"embeddable":true,"href":"https:\/\/www.gralg.se\/index.php?rest_route=%2Fwp%2Fv2%2Fcomments&post=462"}],"version-history":[{"count":15,"href":"https:\/\/www.gralg.se\/index.php?rest_route=\/wp\/v2\/pages\/462\/revisions"}],"predecessor-version":[{"id":491,"href":"https:\/\/www.gralg.se\/index.php?rest_route=\/wp\/v2\/pages\/462\/revisions\/491"}],"wp:attachment":[{"href":"https:\/\/www.gralg.se\/index.php?rest_route=%2Fwp%2Fv2%2Fmedia&parent=462"}],"curies":[{"name":"wp","href":"https:\/\/api.w.org\/{rel}","templated":true}]}}